{"id":881,"date":"2025-12-30T12:40:52","date_gmt":"2025-12-30T12:40:52","guid":{"rendered":"https:\/\/ukropina.rs\/portfolio\/"},"modified":"2026-01-03T13:06:37","modified_gmt":"2026-01-03T13:06:37","slug":"portfolio","status":"publish","type":"page","link":"https:\/\/ukropina.rs\/en\/portfolio\/","title":{"rendered":"Portfolio"},"content":{"rendered":"\t\t<div data-elementor-type=\"wp-page\" data-elementor-id=\"881\" class=\"elementor elementor-881 elementor-224\" data-elementor-post-type=\"page\">\n\t\t\t\t<div class=\"elementor-element elementor-element-7aacdbe e-flex e-con-boxed e-con e-parent\" data-id=\"7aacdbe\" data-element_type=\"container\" data-settings=\"{&quot;background_background&quot;:&quot;classic&quot;}\">\n\t\t\t\t\t<div class=\"e-con-inner\">\n\t\t<div class=\"elementor-element elementor-element-937ebed e-con-full e-flex e-con e-child\" data-id=\"937ebed\" data-element_type=\"container\">\n\t\t\t\t<div class=\"elementor-element elementor-element-601f1dd7 elementor-widget elementor-widget-heading\" data-id=\"601f1dd7\" data-element_type=\"widget\" data-widget_type=\"heading.default\">\n\t\t\t\t\t<h2 class=\"elementor-heading-title elementor-size-default\">Portfolio<\/h2>\t\t\t\t<\/div>\n\t\t\t\t<div class=\"elementor-element elementor-element-4478e572 elementor-widget-divider--view-line elementor-widget elementor-widget-divider\" data-id=\"4478e572\" data-element_type=\"widget\" data-widget_type=\"divider.default\">\n\t\t\t\t\t\t\t<div class=\"elementor-divider\">\n\t\t\t<span class=\"elementor-divider-separator\">\n\t\t\t\t\t\t<\/span>\n\t\t<\/div>\n\t\t\t\t\t\t<\/div>\n\t\t\t\t<div class=\"elementor-element elementor-element-34620f10 elementor-widget elementor-widget-heading\" data-id=\"34620f10\" data-element_type=\"widget\" data-widget_type=\"heading.default\">\n\t\t\t\t\t<h1 class=\"elementor-heading-title elementor-size-default\">Portfolio of the Law Office Ukropina and Partners<\/h1>\t\t\t\t<\/div>\n\t\t\t\t<\/div>\n\t\t<div class=\"elementor-element elementor-element-bc8db4 e-con-full e-flex e-con e-child\" data-id=\"bc8db4\" data-element_type=\"container\">\n\t\t\t\t<div class=\"elementor-element elementor-element-32a45815 elementor-widget elementor-widget-image\" data-id=\"32a45815\" data-element_type=\"widget\" data-widget_type=\"image.default\">\n\t\t\t\t\t\t\t\t\t\t\t\t\t\t\t<img fetchpriority=\"high\" decoding=\"async\" width=\"1218\" height=\"417\" src=\"https:\/\/ukropina.rs\/wp-content\/uploads\/2025\/12\/portgolio-hero.png\" class=\"attachment-full size-full wp-image-882\" alt=\"\" srcset=\"https:\/\/ukropina.rs\/wp-content\/uploads\/2025\/12\/portgolio-hero.png 1218w, https:\/\/ukropina.rs\/wp-content\/uploads\/2025\/12\/portgolio-hero-300x103.png 300w, https:\/\/ukropina.rs\/wp-content\/uploads\/2025\/12\/portgolio-hero-1024x351.png 1024w, https:\/\/ukropina.rs\/wp-content\/uploads\/2025\/12\/portgolio-hero-768x263.png 768w\" sizes=\"(max-width: 1218px) 100vw, 1218px\" \/>\t\t\t\t\t\t\t\t\t\t\t\t\t\t\t<\/div>\n\t\t\t\t<\/div>\n\t\t\t\t\t<\/div>\n\t\t\t\t<\/div>\n\t\t<div class=\"elementor-element elementor-element-7243eb33 e-con-full e-flex e-con e-parent\" data-id=\"7243eb33\" data-element_type=\"container\">\n\t\t<div class=\"elementor-element elementor-element-331192a1 e-con-full e-flex e-con e-child\" data-id=\"331192a1\" data-element_type=\"container\">\n\t\t\t\t<div class=\"elementor-element elementor-element-2e263e98 elementor-widget elementor-widget-text-editor\" data-id=\"2e263e98\" data-element_type=\"widget\" data-widget_type=\"text-editor.default\">\n\t\t\t\t\t\t\t\t\t<p>The highest values in the Attorney \u2013 Client relationship are mutual trust and confidence, privileged communication and professional secrecy. These values are probably the oldest legally recognised privileges. Our office cherishes these values and privileges to the highest standards, national as well as international.<\/p><p>Our portfolio has clients from various countries: Serbia, Croatia, Slovenia, Austria, Hungary, France, Germany, Italy, the Netherlands, Sweden, Belgium, Luxembourg, Switzerland, United Kingdom, Canada, United States of America etc.<\/p><p>Their industries diverse: production, trade, transport, IT, basic and high education, government authorities, NGOs, professional associations, sports clubs, humanitarian agencies, small businesses and enterpreneurs, individuals etc.<\/p>\t\t\t\t\t\t\t\t<\/div>\n\t\t\t\t<\/div>\n\t\t<div class=\"elementor-element elementor-element-3c9645da e-con-full e-flex e-con e-child\" data-id=\"3c9645da\" data-element_type=\"container\" data-settings=\"{&quot;background_background&quot;:&quot;classic&quot;}\">\n\t\t\t\t<div class=\"elementor-element elementor-element-330aed0 elementor-view-default elementor-widget elementor-widget-icon\" data-id=\"330aed0\" data-element_type=\"widget\" data-widget_type=\"icon.default\">\n\t\t\t\t\t\t\t<div class=\"elementor-icon-wrapper\">\n\t\t\t<div class=\"elementor-icon\">\n\t\t\t<svg aria-hidden=\"true\" class=\"e-font-icon-svg e-far-handshake\" viewBox=\"0 0 640 512\" xmlns=\"http:\/\/www.w3.org\/2000\/svg\"><path d=\"M519.2 127.9l-47.6-47.6A56.252 56.252 0 0 0 432 64H205.2c-14.8 0-29.1 5.9-39.6 16.3L118 127.9H0v255.7h64c17.6 0 31.8-14.2 31.9-31.7h9.1l84.6 76.4c30.9 25.1 73.8 25.7 105.6 3.8 12.5 10.8 26 15.9 41.1 15.9 18.2 0 35.3-7.4 48.8-24 22.1 8.7 48.2 2.6 64-16.8l26.2-32.3c5.6-6.9 9.1-14.8 10.9-23h57.9c.1 17.5 14.4 31.7 31.9 31.7h64V127.9H519.2zM48 351.6c-8.8 0-16-7.2-16-16s7.2-16 16-16 16 7.2 16 16c0 8.9-7.2 16-16 16zm390-6.9l-26.1 32.2c-2.8 3.4-7.8 4-11.3 1.2l-23.9-19.4-30 36.5c-6 7.3-15 4.8-18 2.4l-36.8-31.5-15.6 19.2c-13.9 17.1-39.2 19.7-55.3 6.6l-97.3-88H96V175.8h41.9l61.7-61.6c2-.8 3.7-1.5 5.7-2.3H262l-38.7 35.5c-29.4 26.9-31.1 72.3-4.4 101.3 14.8 16.2 61.2 41.2 101.5 4.4l8.2-7.5 108.2 87.8c3.4 2.8 3.9 7.9 1.2 11.3zm106-40.8h-69.2c-2.3-2.8-4.9-5.4-7.7-7.7l-102.7-83.4 12.5-11.4c6.5-6 7-16.1 1-22.6L367 167.1c-6-6.5-16.1-6.9-22.6-1l-55.2 50.6c-9.5 8.7-25.7 9.4-34.6 0-9.3-9.9-8.5-25.1 1.2-33.9l65.6-60.1c7.4-6.8 17-10.5 27-10.5l83.7-.2c2.1 0 4.1.8 5.5 2.3l61.7 61.6H544v128zm48 47.7c-8.8 0-16-7.2-16-16s7.2-16 16-16 16 7.2 16 16c0 8.9-7.2 16-16 16z\"><\/path><\/svg>\t\t\t<\/div>\n\t\t<\/div>\n\t\t\t\t\t\t<\/div>\n\t\t\t\t<\/div>\n\t\t\t\t<\/div>\n\t\t<div class=\"elementor-element elementor-element-1e5ece5d e-con-full e-flex e-con e-parent\" data-id=\"1e5ece5d\" data-element_type=\"container\">\n\t\t<div class=\"elementor-element elementor-element-3ca21b49 e-con-full e-flex e-con e-child\" data-id=\"3ca21b49\" data-element_type=\"container\">\n\t\t\t\t<div class=\"elementor-element elementor-element-514dd0f7 elementor-widget elementor-widget-heading\" data-id=\"514dd0f7\" data-element_type=\"widget\" data-widget_type=\"heading.default\">\n\t\t\t\t\t<h3 class=\"elementor-heading-title elementor-size-default\">Portfolio<\/h3>\t\t\t\t<\/div>\n\t\t\t\t<div class=\"elementor-element elementor-element-2e5c4cc elementor-widget-divider--view-line elementor-widget elementor-widget-divider\" data-id=\"2e5c4cc\" data-element_type=\"widget\" data-widget_type=\"divider.default\">\n\t\t\t\t\t\t\t<div class=\"elementor-divider\">\n\t\t\t<span class=\"elementor-divider-separator\">\n\t\t\t\t\t\t<\/span>\n\t\t<\/div>\n\t\t\t\t\t\t<\/div>\n\t\t\t\t<\/div>\n\t\t<div class=\"elementor-element elementor-element-78cf4815 e-con-full e-flex e-con e-child\" data-id=\"78cf4815\" data-element_type=\"container\">\n\t\t\t\t<\/div>\n\t\t\t\t<\/div>\n\t\t<div class=\"elementor-element elementor-element-2efb9f6 e-grid e-con-boxed e-con e-parent\" data-id=\"2efb9f6\" data-element_type=\"container\">\n\t\t\t\t\t<div class=\"e-con-inner\">\n\t\t\t\t<div class=\"elementor-element elementor-element-9f403d4 elementor-widget elementor-widget-text-editor\" data-id=\"9f403d4\" data-element_type=\"widget\" data-widget_type=\"text-editor.default\">\n\t\t\t\t\t\t\t\t\t<p><strong>Production\/Trade<\/strong><\/p><ul><li>Aptiv Mobility Services DOO (member of Aptiv European Holdings (UK) Limited)<\/li><li>Aptiv Contract Services DOO (member of Aptiv European Holdings (UK) Limited)<\/li><li>Contitech Fluid Serbia DOO (member of Continental AG, Nema\u010dka), Subotica<\/li><li>Continental Automotive Serbia DOO (member of Continental AG, Nema\u010dka), Novi Sad<\/li><li>Nidec Electric Motor Serbia DOO (member of Nidec Corporation, Japan), Novi Sad<\/li><li>Nidec Elesys Europe DOO (member of Nidec Corporation, Japan), Novi Sad<\/li><li>Yokohama TWS Serbia DOO (member of Yokohama Rubber Co., Japan), Ruma<\/li><li>Trelleborg Wheel System Serbia DOO (member of Trelleborg Group, Sweden), Ruma<\/li><li>Mitas DOO (member of Trelleborg Group, Sweden), Ruma<\/li><li>Ravago Chemicals DOO (member of Ravago Group, Belgium), Beograd<\/li><li>Resinex Serbia DOO (member of Ravago Group, Belgium), Beograd<\/li><li>Vidara CLI RS DOO (member of Ravago Group, Belgium), Beograd<\/li><li>Soufflet Agro DOO (member of Soufflet Agro SAS, France), Novi Sad<\/li><li>Carlsberg Srbija DOO (member of Carlsberg Group, Denmark), \u010celarevo<\/li><li>Magna Seating DOO (member of Magna International Inc., Canada), Od\u017eaci<\/li><li>Greiner Packaging DOO (member of Greiner Packaging International GmbH, Austria), Od\u017eaci<\/li><li>NSourcing 4 You LLC, Novi Sad<\/li><li>Monera DOO (regional representative of Italian and German brands AngeloPo, Fimar,<br \/>Sambonet-Paderno, Zanolli, Forcar, Rosenthal, Alexander Solia), Novi Sad<\/li><li>Hipol AD, Od\u017eaci<\/li><li>FIM DOO (member of Tegola Canadese, Italia), Kanji\u017ea<\/li><li>Novosadski sajam AD, Novi Sad<\/li><\/ul><p><strong><br \/>Real estate<br \/><\/strong><\/p><ul><li>Maior Domus LLC, Novi Sad<\/li><li>Omega Iniciative LLC, Novi Sad<\/li><li>Solis LLC, Novi Sad<\/li><li>Italcasa LLC, Novi Sad<\/li><li>Vondel Capital LLC, Novi Sad<\/li><li>Koning LLC, Novi Sad<\/li><li>Property and Facility Services LLC, Novi Sad<\/li><\/ul>\t\t\t\t\t\t\t\t<\/div>\n\t\t\t\t<div class=\"elementor-element elementor-element-c671ffa elementor-widget elementor-widget-text-editor\" data-id=\"c671ffa\" data-element_type=\"widget\" data-widget_type=\"text-editor.default\">\n\t\t\t\t\t\t\t\t\t<p><strong>Government\/Authorities<\/strong><\/p><ul><li>Republic of Serbia<\/li><li>Autonomous Province of Vojvodina \u2013 Provincial Secretariat for Education, Rebulations, Administration<br \/>and National Minorities \u2013 National Communities (former Secretariat for Higher Education and<br \/>Scientific Research)<\/li><li>Autonomous Province of Vojvodina \u2013 Provincial Secretariat for Economy and Tourism (former<br \/>Secretariat for Economy and Tourism)<\/li><li>Municipality of Kanji\u017ea<\/li><\/ul><p><strong><br \/>Media &amp; Marketing<br \/><\/strong><\/p><ul><li>Channel 9 (TV), Novi Sad<\/li><li>Radio Sajam, Novi Sad<\/li><li>Art Cinema Aleksandar Lifka, Subotica<\/li><\/ul><p><strong><br \/>Medical\/Pharmacy<br \/><\/strong><\/p><ul><li>Special Hospital for Rehabilitation Banja Kanji\u017ea, Kanji\u017ea<\/li><li>Association of Pharmacists of Vojvodina, Novi Sad<\/li><li>Cord IPS LLC (representative of Seracell, Germany; Vita34, Germany), Novi Sad<\/li><li>NS Pharm LLC, Novi Sad<\/li><li>Laurus Pharmacies, Novi Sad<\/li><li>Orfelin NS Pharmacies, Novi Sad<\/li><li>Vipera Pharmacies, Sombor<\/li><li>Elderly Home, Kanji\u017ea<\/li><\/ul><p><strong><br \/>Sports<br \/><\/strong><\/p><ul><li><p>Vojvodina Chess Association, Novi Sad<\/p><\/li><li><p>FC Spartak, Subotica<\/p><\/li><li><p>Sports for All Association, Belgrade<\/p><\/li><li><p>Serbian Dance Association, Belgrade<\/p><\/li><li><p>National Curling Association of Serbia (founder), Belgrade<\/p><\/li><li><p>FC \u010celarevo, \u010celarevo<\/p><p>\u00a0<\/p><\/li><li><p>Crvena Zvezda, Female Handball Club, Belgrade<\/p><\/li><\/ul><p><strong><br \/>Religious (pro bono):<br \/><\/strong><\/p><ul><li>Serbian Orthodox Church \u2013 Valjevo Eparchy, Valjevo<\/li><\/ul>\t\t\t\t\t\t\t\t<\/div>\n\t\t\t\t<div class=\"elementor-element elementor-element-a0b7c2d elementor-widget elementor-widget-text-editor\" data-id=\"a0b7c2d\" data-element_type=\"widget\" data-widget_type=\"text-editor.default\">\n\t\t\t\t\t\t\t\t\t<p><strong>Education<\/strong><\/p><ul><li><p>University of Novi Sad \u2013 Faculty of Law, Novi Sad<\/p><\/li><li><p>University of Novi Sad \u2013 Faculty of Sports and Physical Education, Novi Sad<\/p><p>\u00a0<\/p><\/li><li><p>\u0110or\u0111e Nato\u0161evi\u0107 Primary School, Novi Sad<\/p><\/li><li><p>Isidor Baji\u0107, Music School, Novi Sad<\/p><\/li><\/ul><p><strong><br \/>Public (state-owned) companies:<br \/><\/strong><\/p><ul><li>Vojvodina\u0161ume, Public Company, Novi Sad<\/li><li>Novi Sad Heating Plant, Public Utility Company, Novi Sad<\/li><li>Sports and Business Centre Vojvodina, Public Company, Novi Sad<\/li><li>Komunalac Kanji\u017ea, Public Utility Company, Kanji\u017ea<\/li><li>Graditelj, Public Utility Company, Srbobran<\/li><\/ul><p><strong><br \/>IT<br \/><\/strong><\/p><ul><li>DMS Group LLC, Novi Sad<\/li><li>EXLRT LLC<\/li><li>EXLRT South LLC<\/li><li>Levi 9 LLC (member of Levi Nine, the Netherlands)<\/li><li>Schneider Electric DMS NS LLC, Novi Sad<\/li><li>Impact IT Group LLC<\/li><li>Tron Tex LLC, Novi Sad<\/li><li>ARXL LLC<\/li><li>Intens LLC<\/li><li>Intens Net LLC<\/li><li>Four Dots LLC\u017e<\/li><li>Informis (ent.)<\/li><\/ul><p><strong><br \/>Organisations (pro bono)<br \/><\/strong><\/p><ul><li>Red Cross of Serbia, Belgrade<\/li><li>Red Cross of Belgrade, Belgrade<\/li><li>Vojvodina Bar Association, Novi Sad<\/li><li>SRCE \u2013 Center for Emotional Support and Suicide Prevention<br \/>(member of Befrienders Worldwide, UK; partner of Samaritans UK\/Ireland), Novi Sad<\/li><li>Center Living Upright \u2013 Dissability Services and Support Organization, Novi Sad<\/li><\/ul>\t\t\t\t\t\t\t\t<\/div>\n\t\t\t\t\t<\/div>\n\t\t\t\t<\/div>\n\t\t\t\t<\/div>\n\t\t","protected":false},"excerpt":{"rendered":"<p>Portfolio Portfolio of the Law Office Ukropina and Partners The highest values in the Attorney \u2013 Client relationship are mutual trust and confidence, privileged communication and professional secrecy. These values are probably the oldest legally recognised privileges. Our office cherishes these values and privileges to the highest standards, national as well as international. Our portfolio [&hellip;]<\/p>\n","protected":false},"author":2,"featured_media":0,"parent":0,"menu_order":0,"comment_status":"closed","ping_status":"closed","template":"elementor_header_footer","meta":{"footnotes":""},"class_list":["post-881","page","type-page","status-publish","hentry"],"yoast_head":"<!-- This site is optimized with the Yoast SEO plugin v26.6 - https:\/\/yoast.com\/wordpress\/plugins\/seo\/ -->\n<title>Portfolio - ukropina.rs<\/title>\n<meta name=\"robots\" content=\"index, follow, max-snippet:-1, max-image-preview:large, max-video-preview:-1\" \/>\n<link rel=\"canonical\" href=\"https:\/\/ukropina.rs\/en\/portfolio\/\" \/>\n<meta property=\"og:locale\" content=\"en_US\" \/>\n<meta property=\"og:type\" content=\"article\" \/>\n<meta property=\"og:title\" content=\"Portfolio - ukropina.rs\" \/>\n<meta property=\"og:description\" content=\"Portfolio Portfolio of the Law Office Ukropina and Partners The highest values in the Attorney \u2013 Client relationship are mutual trust and confidence, privileged communication and professional secrecy. These values are probably the oldest legally recognised privileges. Our office cherishes these values and privileges to the highest standards, national as well as international. Our portfolio [&hellip;]\" \/>\n<meta property=\"og:url\" content=\"https:\/\/ukropina.rs\/en\/portfolio\/\" \/>\n<meta property=\"og:site_name\" content=\"ukropina.rs\" \/>\n<meta property=\"article:modified_time\" content=\"2026-01-03T13:06:37+00:00\" \/>\n<meta property=\"og:image\" content=\"https:\/\/ukropina.rs\/wp-content\/uploads\/2025\/12\/portgolio-hero.png\" \/>\n\t<meta property=\"og:image:width\" content=\"1218\" \/>\n\t<meta property=\"og:image:height\" content=\"417\" \/>\n\t<meta property=\"og:image:type\" content=\"image\/png\" \/>\n<meta name=\"twitter:card\" content=\"summary_large_image\" \/>\n<meta name=\"twitter:label1\" content=\"Est. reading time\" \/>\n\t<meta name=\"twitter:data1\" content=\"3 minutes\" \/>\n<script type=\"application\/ld+json\" class=\"yoast-schema-graph\">{\"@context\":\"https:\/\/schema.org\",\"@graph\":[{\"@type\":\"WebPage\",\"@id\":\"https:\/\/ukropina.rs\/en\/portfolio\/\",\"url\":\"https:\/\/ukropina.rs\/en\/portfolio\/\",\"name\":\"Portfolio - ukropina.rs\",\"isPartOf\":{\"@id\":\"https:\/\/ukropina.rs\/en\/#website\"},\"primaryImageOfPage\":{\"@id\":\"https:\/\/ukropina.rs\/en\/portfolio\/#primaryimage\"},\"image\":{\"@id\":\"https:\/\/ukropina.rs\/en\/portfolio\/#primaryimage\"},\"thumbnailUrl\":\"https:\/\/ukropina.rs\/wp-content\/uploads\/2025\/12\/portgolio-hero.png\",\"datePublished\":\"2025-12-30T12:40:52+00:00\",\"dateModified\":\"2026-01-03T13:06:37+00:00\",\"breadcrumb\":{\"@id\":\"https:\/\/ukropina.rs\/en\/portfolio\/#breadcrumb\"},\"inLanguage\":\"en-US\",\"potentialAction\":[{\"@type\":\"ReadAction\",\"target\":[\"https:\/\/ukropina.rs\/en\/portfolio\/\"]}]},{\"@type\":\"ImageObject\",\"inLanguage\":\"en-US\",\"@id\":\"https:\/\/ukropina.rs\/en\/portfolio\/#primaryimage\",\"url\":\"https:\/\/ukropina.rs\/wp-content\/uploads\/2025\/12\/portgolio-hero.png\",\"contentUrl\":\"https:\/\/ukropina.rs\/wp-content\/uploads\/2025\/12\/portgolio-hero.png\"},{\"@type\":\"BreadcrumbList\",\"@id\":\"https:\/\/ukropina.rs\/en\/portfolio\/#breadcrumb\",\"itemListElement\":[{\"@type\":\"ListItem\",\"position\":1,\"name\":\"Home\",\"item\":\"https:\/\/ukropina.rs\/en\/\"},{\"@type\":\"ListItem\",\"position\":2,\"name\":\"Portfolio\"}]},{\"@type\":\"WebSite\",\"@id\":\"https:\/\/ukropina.rs\/en\/#website\",\"url\":\"https:\/\/ukropina.rs\/en\/\",\"name\":\"ukropina.rs\",\"description\":\"LjUDI STRATEGIJA\\u2028USPEH\",\"publisher\":{\"@id\":\"https:\/\/ukropina.rs\/en\/#organization\"},\"potentialAction\":[{\"@type\":\"SearchAction\",\"target\":{\"@type\":\"EntryPoint\",\"urlTemplate\":\"https:\/\/ukropina.rs\/en\/?s={search_term_string}\"},\"query-input\":{\"@type\":\"PropertyValueSpecification\",\"valueRequired\":true,\"valueName\":\"search_term_string\"}}],\"inLanguage\":\"en-US\"},{\"@type\":\"Organization\",\"@id\":\"https:\/\/ukropina.rs\/en\/#organization\",\"name\":\"ukropina.rs\",\"url\":\"https:\/\/ukropina.rs\/en\/\",\"logo\":{\"@type\":\"ImageObject\",\"inLanguage\":\"en-US\",\"@id\":\"https:\/\/ukropina.rs\/en\/#\/schema\/logo\/image\/\",\"url\":\"https:\/\/ukropina.rs\/wp-content\/uploads\/2025\/12\/Logo-rs.png\",\"contentUrl\":\"https:\/\/ukropina.rs\/wp-content\/uploads\/2025\/12\/Logo-rs.png\",\"width\":575,\"height\":119,\"caption\":\"ukropina.rs\"},\"image\":{\"@id\":\"https:\/\/ukropina.rs\/en\/#\/schema\/logo\/image\/\"}}]}<\/script>\n<!-- \/ Yoast SEO plugin. -->","yoast_head_json":{"title":"Portfolio - ukropina.rs","robots":{"index":"index","follow":"follow","max-snippet":"max-snippet:-1","max-image-preview":"max-image-preview:large","max-video-preview":"max-video-preview:-1"},"canonical":"https:\/\/ukropina.rs\/en\/portfolio\/","og_locale":"en_US","og_type":"article","og_title":"Portfolio - ukropina.rs","og_description":"Portfolio Portfolio of the Law Office Ukropina and Partners The highest values in the Attorney \u2013 Client relationship are mutual trust and confidence, privileged communication and professional secrecy. These values are probably the oldest legally recognised privileges. Our office cherishes these values and privileges to the highest standards, national as well as international. Our portfolio [&hellip;]","og_url":"https:\/\/ukropina.rs\/en\/portfolio\/","og_site_name":"ukropina.rs","article_modified_time":"2026-01-03T13:06:37+00:00","og_image":[{"width":1218,"height":417,"url":"https:\/\/ukropina.rs\/wp-content\/uploads\/2025\/12\/portgolio-hero.png","type":"image\/png"}],"twitter_card":"summary_large_image","twitter_misc":{"Est. reading time":"3 minutes"},"schema":{"@context":"https:\/\/schema.org","@graph":[{"@type":"WebPage","@id":"https:\/\/ukropina.rs\/en\/portfolio\/","url":"https:\/\/ukropina.rs\/en\/portfolio\/","name":"Portfolio - ukropina.rs","isPartOf":{"@id":"https:\/\/ukropina.rs\/en\/#website"},"primaryImageOfPage":{"@id":"https:\/\/ukropina.rs\/en\/portfolio\/#primaryimage"},"image":{"@id":"https:\/\/ukropina.rs\/en\/portfolio\/#primaryimage"},"thumbnailUrl":"https:\/\/ukropina.rs\/wp-content\/uploads\/2025\/12\/portgolio-hero.png","datePublished":"2025-12-30T12:40:52+00:00","dateModified":"2026-01-03T13:06:37+00:00","breadcrumb":{"@id":"https:\/\/ukropina.rs\/en\/portfolio\/#breadcrumb"},"inLanguage":"en-US","potentialAction":[{"@type":"ReadAction","target":["https:\/\/ukropina.rs\/en\/portfolio\/"]}]},{"@type":"ImageObject","inLanguage":"en-US","@id":"https:\/\/ukropina.rs\/en\/portfolio\/#primaryimage","url":"https:\/\/ukropina.rs\/wp-content\/uploads\/2025\/12\/portgolio-hero.png","contentUrl":"https:\/\/ukropina.rs\/wp-content\/uploads\/2025\/12\/portgolio-hero.png"},{"@type":"BreadcrumbList","@id":"https:\/\/ukropina.rs\/en\/portfolio\/#breadcrumb","itemListElement":[{"@type":"ListItem","position":1,"name":"Home","item":"https:\/\/ukropina.rs\/en\/"},{"@type":"ListItem","position":2,"name":"Portfolio"}]},{"@type":"WebSite","@id":"https:\/\/ukropina.rs\/en\/#website","url":"https:\/\/ukropina.rs\/en\/","name":"ukropina.rs","description":"LjUDI STRATEGIJA\u2028USPEH","publisher":{"@id":"https:\/\/ukropina.rs\/en\/#organization"},"potentialAction":[{"@type":"SearchAction","target":{"@type":"EntryPoint","urlTemplate":"https:\/\/ukropina.rs\/en\/?s={search_term_string}"},"query-input":{"@type":"PropertyValueSpecification","valueRequired":true,"valueName":"search_term_string"}}],"inLanguage":"en-US"},{"@type":"Organization","@id":"https:\/\/ukropina.rs\/en\/#organization","name":"ukropina.rs","url":"https:\/\/ukropina.rs\/en\/","logo":{"@type":"ImageObject","inLanguage":"en-US","@id":"https:\/\/ukropina.rs\/en\/#\/schema\/logo\/image\/","url":"https:\/\/ukropina.rs\/wp-content\/uploads\/2025\/12\/Logo-rs.png","contentUrl":"https:\/\/ukropina.rs\/wp-content\/uploads\/2025\/12\/Logo-rs.png","width":575,"height":119,"caption":"ukropina.rs"},"image":{"@id":"https:\/\/ukropina.rs\/en\/#\/schema\/logo\/image\/"}}]}},"_links":{"self":[{"href":"https:\/\/ukropina.rs\/en\/wp-json\/wp\/v2\/pages\/881","targetHints":{"allow":["GET"]}}],"collection":[{"href":"https:\/\/ukropina.rs\/en\/wp-json\/wp\/v2\/pages"}],"about":[{"href":"https:\/\/ukropina.rs\/en\/wp-json\/wp\/v2\/types\/page"}],"author":[{"embeddable":true,"href":"https:\/\/ukropina.rs\/en\/wp-json\/wp\/v2\/users\/2"}],"replies":[{"embeddable":true,"href":"https:\/\/ukropina.rs\/en\/wp-json\/wp\/v2\/comments?post=881"}],"version-history":[{"count":9,"href":"https:\/\/ukropina.rs\/en\/wp-json\/wp\/v2\/pages\/881\/revisions"}],"predecessor-version":[{"id":892,"href":"https:\/\/ukropina.rs\/en\/wp-json\/wp\/v2\/pages\/881\/revisions\/892"}],"wp:attachment":[{"href":"https:\/\/ukropina.rs\/en\/wp-json\/wp\/v2\/media?parent=881"}],"curies":[{"name":"wp","href":"https:\/\/api.w.org\/{rel}","templated":true}]}}